{"id":5009,"date":"2022-09-20T13:08:56","date_gmt":"2022-09-20T13:08:56","guid":{"rendered":"https:\/\/laurent.qodeinteractive.com\/gutenberg\/?page_id=5009"},"modified":"2023-06-17T00:37:39","modified_gmt":"2023-06-16T22:37:39","slug":"main-home-gut","status":"publish","type":"page","link":"https:\/\/kitchencreator.fr\/steaklounge\/","title":{"rendered":"Main Home"},"content":{"rendered":"\t\t<div data-elementor-type=\"wp-page\" data-elementor-id=\"5009\" class=\"elementor elementor-5009\">\n\t\t\t\t\t\t\t\t\t<section class=\"elementor-section elementor-top-section elementor-element elementor-element-6c1ff951 elementor-section-boxed elementor-section-height-default elementor-section-height-default eltdf-parallax-row-no eltdf-content-aligment-left eltdf-elementor-row-grid-no eltdf-disabled-bg-image-bellow-no\" data-id=\"6c1ff951\" data-element_type=\"section\">\n\t\t\t\t\t\t<div class=\"elementor-container elementor-column-gap-default\">\n\t\t\t\t\t<div class=\"elementor-column elementor-col-100 elementor-top-column elementor-element elementor-element-3c939d5d\" data-id=\"3c939d5d\" data-element_type=\"column\">\n\t\t\t<div class=\"elementor-widget-wrap elementor-element-populated\">\n\t\t\t\t\t\t\t\t<div class=\"elementor-element elementor-element-762796c2 elementor-widget elementor-widget-text-editor\" data-id=\"762796c2\" data-element_type=\"widget\" data-widget_type=\"text-editor.default\">\n\t\t\t\t<div class=\"elementor-widget-container\">\n\t\t\t<style>\/*! elementor - v3.12.2 - 23-04-2023 *\/\n.elementor-widget-text-editor.elementor-drop-cap-view-stacked .elementor-drop-cap{background-color:#69727d;color:#fff}.elementor-widget-text-editor.elementor-drop-cap-view-framed .elementor-drop-cap{color:#69727d;border:3px solid;background-color:transparent}.elementor-widget-text-editor:not(.elementor-drop-cap-view-default) .elementor-drop-cap{margin-top:8px}.elementor-widget-text-editor:not(.elementor-drop-cap-view-default) .elementor-drop-cap-letter{width:1em;height:1em}.elementor-widget-text-editor .elementor-drop-cap{float:left;text-align:center;line-height:1;font-size:50px}.elementor-widget-text-editor .elementor-drop-cap-letter{display:inline-block}<\/style>\t\t\t\t<!-- wp:qi-blocks\/columns {\"uniqueClass\":\"qodef-block-d808fc61\",\"contentWidth\":\"full-width\",\"columns\":1,\"columnsLayout\":\"100\",\"columnGap\":\"no\",\"paddingTop\":160} -->\n<section class=\"wp-block-qi-blocks-columns qodef-gutenberg-section qodef--template qodef-block-d808fc61 qodef-col-num--1 qodef-col-layout--100 qodef-gutter--no qodef-content--full-width\">\n<div class=\"qodef-section-background-overlay\">\u00a0<\/div>\n<div class=\"qodef-gutenberg-row\"><!-- wp:qi-blocks\/column {\"uniqueClass\":\"qodef-block-864af096\",\"verticalAlign\":\"middle\",\"horizontalAlign\":\"center\"} -->\n<div class=\"wp-block-qi-blocks-column qodef-gutenberg-column qodef-block-864af096 qodef-vertical-align--middle qodef-horizontal-align--center\">\n<div class=\"qodef-gutenberg-column-inner\"><!-- wp:qi-blocks\/section-title {\"uniqueClass\":\"qodef-block-75effa6b\",\"titleTag\":\"h1\",\"subtitleTag\":\"h6\",\"blockWidth\":\"custom\",\"blockCustomWidth\":480,\"subtitleFontFamily\":\"Miniver\",\"subtitleFontSize\":19,\"subtitleFontWeight\":\"400\",\"subtitleTextTransform\":\"none\",\"subtitleLineHeight\":28,\"subtitleLetterSpacingUnit\":\"em\",\"subtitleLetterSpacingDecimal\":0.04,\"titleMarginTop\":12,\"textPaddingTop\":10,\"horizontalAlignment\":\"center\"} -->\n<div class=\"wp-block-qi-blocks-section-title qodef-block-container qodef-block-75effa6b qodef-width--custom\" data-width=\"480px\">\n<div class=\"qi-block-section-title qodef-block qodef-m qodef-link--underline-draw qodef-subtitle-icon--left\">\n<h6 class=\"qodef-m-subtitle\">Notre histoire<\/h6>\n<h1 class=\"qodef-m-title\">A propos de nous<\/h1>\n<p class=\"qodef-m-text\">Dans un d\u00e9cor atypique o\u00f9 chaque d\u00e9tail n&rsquo;est pas un hasard, le Steak Lounge prend place ! Implant\u00e9 au c\u0153ur de Marseille, longeant cette c\u00e9l\u00e8bre avenue qu&rsquo;est Jules Cantini, le Steak Lounge s&rsquo;impose comme la r\u00e9f\u00e9rence. Sa vocation vous faire d\u00e9couvrir monts et merveilles du Liban \u00e0 travers ses assiettes plus go\u00fbteuses les unes que les autres et vous r\u00e9concilier avec la cuisine au Grill gr\u00e2ce \u00e0 la qualit\u00e9 de ses produits. De la sauce au dessert, en passant par le pain tout est r\u00e9alis\u00e9 main, fait maison \u00e0 partir de produits fra\u00eechement et minutieusement s\u00e9lectionn\u00e9s aupr\u00e8s de partenaires de confiance.<\/p>\n<\/div>\n<\/div>\n<!-- \/wp:qi-blocks\/section-title --><\/div>\n<\/div>\n<!-- \/wp:qi-blocks\/column --><\/div>\n<\/section>\n<!-- \/wp:qi-blocks\/columns --><!-- wp:qi-blocks\/columns {\"uniqueClass\":\"qodef-block-6e2a673b\",\"contentWidth\":\"predefined\",\"predefinedContentWidth\":\"1300\",\"columns\":3,\"columnsLayout\":\"33\",\"columnGap\":\"no\",\"height\":\"min-height\",\"minimumHeight\":550,\"paddingTop\":73,\"paddingTopDecimal\":4.7} -->\n<section class=\"wp-block-qi-blocks-columns qodef-gutenberg-section qodef--template qodef-block-6e2a673b qodef-col-num--3 qodef-col-layout--33 qodef-gutter--no qodef-height--min-height qodef-content--predefined qodef-content--1300\">\n<div class=\"qodef-section-background-overlay\">\u00a0<\/div>\n<div class=\"qodef-gutenberg-row\"><!-- wp:qi-blocks\/column {\"uniqueClass\":\"qodef-block-89399749\"} -->\n<div class=\"wp-block-qi-blocks-column qodef-gutenberg-column qodef-block-89399749\">\n<div class=\"qodef-gutenberg-column-inner\"><!-- wp:qi-blocks\/single-image {\"uniqueClass\":\"qodef-block-a32d3ee6\",\"galleryData\":\"gallery-260\",\"entranceAnimation\":\"fadeIn\",\"entranceAnimationDuration\":\"slow\",\"image\":{\"id\":8,\"url\":\"https:\/\/laurent.qodeinteractive.com\/gutenberg\/wp-content\/uploads\/2019\/10\/main-img-1.jpg\",\"alt\":\"d\",\"caption\":\"\"}} -->\n<div class=\"wp-block-qi-blocks-single-image qodef-block-container qodef-block-a32d3ee6 qodef-entrance-animation--on qodef-animation-speed--slow\" data-animation=\"fadeIn\">\n<div class=\"qi-block-single-image qodef-block qodef-m\">\n<div class=\"qodef-m-image\"><img loading=\"lazy\" decoding=\"async\" class=\"alignnone wp-image-6334 size-full\" src=\"https:\/\/kitchencreator.fr\/steaklounge\/wp-content\/uploads\/2023\/06\/INTERIEUR-DU-HAUT.jpg\" alt=\"F\" width=\"800\" height=\"1217\" srcset=\"https:\/\/kitchencreator.fr\/steaklounge\/wp-content\/uploads\/2023\/06\/INTERIEUR-DU-HAUT.jpg 800w, https:\/\/kitchencreator.fr\/steaklounge\/wp-content\/uploads\/2023\/06\/INTERIEUR-DU-HAUT-197x300.jpg 197w, https:\/\/kitchencreator.fr\/steaklounge\/wp-content\/uploads\/2023\/06\/INTERIEUR-DU-HAUT-673x1024.jpg 673w, https:\/\/kitchencreator.fr\/steaklounge\/wp-content\/uploads\/2023\/06\/INTERIEUR-DU-HAUT-768x1168.jpg 768w, https:\/\/kitchencreator.fr\/steaklounge\/wp-content\/uploads\/2023\/06\/INTERIEUR-DU-HAUT-600x913.jpg 600w\" sizes=\"auto, (max-width: 800px) 100vw, 800px\" \/><\/div>\n<\/div>\n<\/div>\n<!-- \/wp:qi-blocks\/single-image --><\/div>\n<\/div>\n<!-- \/wp:qi-blocks\/column --><!-- wp:qi-blocks\/column {\"uniqueClass\":\"qodef-block-af5c71f7\",\"columnWidthDecimalMobile\":100,\"verticalAlign\":\"middle\",\"verticalAlignTablet\":\"top\",\"horizontalAlign\":\"center\",\"paddingTopMobile\":55,\"paddingRightDecimal\":17,\"paddingBottomMobile\":55,\"paddingLeftDecimal\":17,\"paddingUnit\":\"%\"} -->\n<div class=\"wp-block-qi-blocks-column qodef-gutenberg-column qodef-block-af5c71f7 qodef-vertical-align--middle qodef-vertical-align--tablet--top qodef-horizontal-align--center\">\n<div class=\"qodef-gutenberg-column-inner\"><!-- wp:qi-blocks\/single-image {\"uniqueClass\":\"qodef-block-d8571388\",\"galleryData\":\"gallery-410\",\"entranceAnimation\":\"fadeIn\",\"entranceAnimationDuration\":\"slow\",\"blockWidthTablet\":\"inline\",\"blockWidthMobile\":\"full-width\",\"image\":{\"id\":10,\"url\":\"https:\/\/laurent.qodeinteractive.com\/gutenberg\/wp-content\/uploads\/2019\/10\/main-img-3.jpg\",\"alt\":\"f\",\"caption\":\"\"}} -->\n<div class=\"wp-block-qi-blocks-single-image qodef-block-container qodef-block-d8571388 qodef-entrance-animation--on qodef-animation-speed--slow qodef-width--tablet--inline qodef-width--mobile--full-width\" data-animation=\"fadeIn\">\n<div class=\"qi-block-single-image qodef-block qodef-m\">\n<div class=\"qodef-m-image\"><img decoding=\"async\" class=\"wp-image-10\" src=\"https:\/\/laurent.qodeinteractive.com\/gutenberg\/wp-content\/uploads\/2019\/10\/main-img-3.jpg\" alt=\"f\" \/><\/div>\n<\/div>\n<\/div>\n<!-- \/wp:qi-blocks\/single-image --><\/div>\n<\/div>\n<!-- \/wp:qi-blocks\/column --><!-- wp:qi-blocks\/column {\"uniqueClass\":\"qodef-block-64810c20\"} -->\n<div class=\"wp-block-qi-blocks-column qodef-gutenberg-column qodef-block-64810c20\">\n<div class=\"qodef-gutenberg-column-inner\"><!-- wp:qi-blocks\/single-image {\"uniqueClass\":\"qodef-block-c27b821b\",\"galleryData\":\"gallery-588\",\"entranceAnimation\":\"fadeIn\",\"entranceAnimationDuration\":\"slow\",\"image\":{\"id\":9,\"url\":\"https:\/\/laurent.qodeinteractive.com\/gutenberg\/wp-content\/uploads\/2019\/10\/main-img-2.jpg\",\"alt\":\"f\",\"caption\":\"\"}} -->\n<div class=\"wp-block-qi-blocks-single-image qodef-block-container qodef-block-c27b821b qodef-entrance-animation--on qodef-animation-speed--slow\" data-animation=\"fadeIn\">\n<div class=\"qi-block-single-image qodef-block qodef-m\">\n<div class=\"qodef-m-image\">\u00a0<img loading=\"lazy\" decoding=\"async\" class=\"alignnone wp-image-6335 size-full\" src=\"https:\/\/kitchencreator.fr\/steaklounge\/wp-content\/uploads\/2023\/06\/SALLE-DU-BAS.jpg\" alt=\"F\" width=\"800\" height=\"1217\" srcset=\"https:\/\/kitchencreator.fr\/steaklounge\/wp-content\/uploads\/2023\/06\/SALLE-DU-BAS.jpg 800w, https:\/\/kitchencreator.fr\/steaklounge\/wp-content\/uploads\/2023\/06\/SALLE-DU-BAS-197x300.jpg 197w, https:\/\/kitchencreator.fr\/steaklounge\/wp-content\/uploads\/2023\/06\/SALLE-DU-BAS-673x1024.jpg 673w, https:\/\/kitchencreator.fr\/steaklounge\/wp-content\/uploads\/2023\/06\/SALLE-DU-BAS-768x1168.jpg 768w, https:\/\/kitchencreator.fr\/steaklounge\/wp-content\/uploads\/2023\/06\/SALLE-DU-BAS-600x913.jpg 600w\" sizes=\"auto, (max-width: 800px) 100vw, 800px\" \/><\/div>\n<\/div>\n<\/div>\n<!-- \/wp:qi-blocks\/single-image --><\/div>\n<\/div>\n<!-- \/wp:qi-blocks\/column --><\/div>\n<\/section>\n<!-- \/wp:qi-blocks\/columns --><!-- wp:qi-blocks\/columns {\"uniqueClass\":\"qodef-block-b062fee3\",\"contentWidth\":\"full-width\",\"columnsLayout\":\"50\",\"columnGap\":\"no\",\"paddingTop\":160} -->\n<section class=\"wp-block-qi-blocks-columns qodef-gutenberg-section qodef--template qodef-block-b062fee3 qodef-col-num--2 qodef-col-layout--50 qodef-gutter--no qodef-content--full-width\">\n<div class=\"qodef-section-background-overlay\">\u00a0<\/div>\n<div class=\"qodef-gutenberg-row\"><!-- wp:qi-blocks\/column {\"uniqueClass\":\"qodef-block-1cbb00c4\",\"columnWidthDecimalTablet\":100,\"verticalAlign\":\"middle\",\"verticalAlignTablet\":\"middle\",\"horizontalAlign\":\"center\",\"horizontalAlignTablet\":\"center\",\"backgroundColor\":\"rgba(15,29,34,1)\",\"paddingTopTablet\":100,\"paddingBottomTablet\":50,\"paddingLeft\":100,\"paddingLeftTablet\":0} -->\n<div class=\"wp-block-qi-blocks-column qodef-gutenberg-column qodef-block-1cbb00c4 qodef-vertical-align--middle qodef-vertical-align--tablet--middle qodef-horizontal-align--center qodef-horizontal-align--tablet--center\">\n<div class=\"qodef-gutenberg-column-inner\"><!-- wp:qi-blocks\/single-image {\"uniqueClass\":\"qodef-block-573faf26\",\"galleryData\":\"gallery-434\",\"blockWidth\":\"full-width\",\"blockCustomWidth\":470,\"image\":{\"id\":5023,\"url\":\"https:\/\/laurent.qodeinteractive.com\/gutenberg\/wp-content\/uploads\/2022\/09\/quote-mark-33x35.png\",\"alt\":\"t\",\"caption\":\"\"},\"imageSize\":\"custom\",\"imageCustomWidth\":33,\"imageCustomHeight\":35,\"horizontalAlignment\":\"center\",\"imageWidth\":35,\"imageHeight\":33} -->\n<div class=\"wp-block-qi-blocks-single-image qodef-block-container qodef-block-573faf26 qodef-width--full-width\">\n<div class=\"qi-block-single-image qodef-block qodef-m\">\n<div class=\"qodef-m-image\"><img decoding=\"async\" class=\"wp-image-5023\" src=\"https:\/\/laurent.qodeinteractive.com\/gutenberg\/wp-content\/uploads\/2022\/09\/quote-mark-33x35.png\" alt=\"t\" \/><\/div>\n<\/div>\n<\/div>\n<!-- \/wp:qi-blocks\/single-image --><!-- wp:qi-blocks\/testimonials-list {\"uniqueClass\":\"qodef-block-38397d0a\",\"testimonialsListItemsRepeater\":[{\"itemTitle\":\"\",\"itemText\":\"Lorem ipsum dolor sit amet, consectetur adipiscing elit. Praesent et eros eu felis.\",\"itemAuthor\":\"Andrea Chung\",\"itemAuthorImage\":{\"id\":null,\"url\":\"\",\"alt\":\"\",\"caption\":\"\",\"width\":\"\",\"height\":\"\",\"html\":\"\",\"defaultValueIsSet\":false},\"itemAuthorOccupation\":\"Cook\",\"itemQuoteColor\":\"rgba(0,0,0,0)\",\"itemTitleColor\":\"\",\"itemTextColor\":\"\",\"itemAuthorColor\":\"\",\"itemAuthorOccupationColor\":\"\",\"itemBackground\":{\"backgroundColor\":\"rgba(0,0,0,0)\"}}],\"textTag\":\"p\",\"textColor\":\"rgba(175,184,184,1)\",\"marginTop\":-30,\"blockWidth\":\"custom\",\"blockCustomWidth\":460,\"columns\":1,\"columnsResponsive\":\"custom\",\"columns1440\":1,\"columns1366\":1,\"columns1024\":1,\"columns768\":1,\"columns680\":1,\"columns480\":1,\"quoteIcon\":{\"id\":null,\"url\":\"\",\"alt\":\"\",\"caption\":\"\",\"width\":\"\",\"height\":\"\",\"html\":\"\",\"defaultValueIsSet\":false},\"textFontFamily\":\"Miniver\",\"textFontSize\":22,\"textFontWeight\":\"400\",\"textLineHeight\":39,\"textLetterSpacingUnit\":\"em\",\"textLetterSpacingDecimal\":0.04,\"textPaddingBottom\":10} -->\n<div class=\"wp-block-qi-blocks-testimonials-list qodef-block-container qodef-block-38397d0a qodef-width--custom\" data-width=\"460px\">\n<div class=\"qi-block-testimonials-list qodef-block qodef-m qodef-gutenberg-section qodef--columns qodef-col-num--1 qodef-responsive--custom qodef-col-num--1440--1 qodef-col-num--1366--1 qodef-col-num--1024--1 qodef-col-num--768--1 qodef-col-num--680--1 qodef-col-num--480--1 qodef-item-layout--boxed\">\n<div class=\"qodef-gutenberg-row\">\n<div class=\"qodef-gutenberg-column qodef-e qi-repeater-item-38397d0a0\">\n<div class=\"qodef-e-inner\">\n<div class=\"qodef-e-quote\">\u00a0<\/div>\n<div class=\"qodef-e-top\">\u00a0<\/div>\n<div class=\"qodef-e-content\">\n<p class=\"qodef-e-text\">Le Steak Lounge c&rsquo;est le restaurant o\u00f9 les plats les plus simples deviennent les plus bons, et o\u00f9 l&rsquo;inconnu a un go\u00fbt d&rsquo;exception !<\/p>\n<div class=\"qodef-e-author\">\n<h5 class=\"qodef-e-author-name\">Steak Lounge<\/h5>\n<span class=\"qodef-e-author-job\">Cuisine<\/span><\/div>\n<\/div>\n<\/div>\n<\/div>\n<\/div>\n<\/div>\n<\/div>\n<!-- \/wp:qi-blocks\/testimonials-list --><\/div>\n<\/div>\n<!-- \/wp:qi-blocks\/column --><!-- wp:qi-blocks\/column {\"uniqueClass\":\"qodef-block-4c97e700\",\"columnWidthDecimalTablet\":100} -->\n<div class=\"wp-block-qi-blocks-column qodef-gutenberg-column qodef-block-4c97e700\">\n<div class=\"qodef-gutenberg-column-inner\"><!-- wp:qi-blocks\/single-image {\"uniqueClass\":\"qodef-block-c7401042\",\"galleryData\":\"gallery-56\",\"image\":{\"id\":31,\"url\":\"https:\/\/laurent.qodeinteractive.com\/gutenberg\/wp-content\/uploads\/2019\/10\/main-img-4.jpg\",\"alt\":\"g\",\"caption\":\"\"},\"imageSize\":\"\"} -->\n<div class=\"wp-block-qi-blocks-single-image qodef-block-container qodef-block-c7401042\">\n<div class=\"qi-block-single-image qodef-block qodef-m\">\n<div class=\"qodef-m-image\"><img loading=\"lazy\" decoding=\"async\" class=\"alignnone wp-image-6329 size-full\" src=\"https:\/\/kitchencreator.fr\/steaklounge\/wp-content\/uploads\/2023\/06\/terrasse.jpg\" alt=\"F\" width=\"800\" height=\"1217\" srcset=\"https:\/\/kitchencreator.fr\/steaklounge\/wp-content\/uploads\/2023\/06\/terrasse.jpg 800w, https:\/\/kitchencreator.fr\/steaklounge\/wp-content\/uploads\/2023\/06\/terrasse-197x300.jpg 197w, https:\/\/kitchencreator.fr\/steaklounge\/wp-content\/uploads\/2023\/06\/terrasse-673x1024.jpg 673w, https:\/\/kitchencreator.fr\/steaklounge\/wp-content\/uploads\/2023\/06\/terrasse-768x1168.jpg 768w, https:\/\/kitchencreator.fr\/steaklounge\/wp-content\/uploads\/2023\/06\/terrasse-600x913.jpg 600w\" sizes=\"auto, (max-width: 800px) 100vw, 800px\" \/><\/div>\n<\/div>\n<\/div>\n<!-- \/wp:qi-blocks\/single-image --><\/div>\n<\/div>\n<!-- \/wp:qi-blocks\/column --><\/div>\n<\/section>\n<!-- \/wp:qi-blocks\/columns --><!-- wp:qi-blocks\/columns {\"uniqueClass\":\"qodef-block-372a930c\",\"contentWidth\":\"predefined\",\"predefinedContentWidth\":\"1300\",\"columnsLayout\":\"50\",\"columnGap\":\"no\",\"paddingTop\":160,\"paddingBottom\":160} -->\n<section class=\"wp-block-qi-blocks-columns qodef-gutenberg-section qodef--template qodef-block-372a930c qodef-col-num--2 qodef-col-layout--50 qodef-gutter--no qodef-content--predefined qodef-content--1300\">\n<div class=\"qodef-section-background-overlay\">\u00a0<\/div>\n<div class=\"qodef-gutenberg-row\"><!-- wp:qi-blocks\/column {\"uniqueClass\":\"qodef-block-bad1cb56\",\"columnWidthDecimal\":46,\"columnWidthDecimalTablet\":100,\"verticalAlignTablet\":\"middle\",\"horizontalAlignTablet\":\"center\",\"paddingUnitTablet\":\"%\"} -->\n<div class=\"wp-block-qi-blocks-column qodef-gutenberg-column qodef-block-bad1cb56 qodef-vertical-align--tablet--middle qodef-horizontal-align--tablet--center\">\n<div class=\"qodef-gutenberg-column-inner\"><!-- wp:qi-blocks\/single-image {\"uniqueClass\":\"qodef-block-c47fe4f6\",\"galleryData\":\"gallery-54\",\"paddingUnitTablet\":\"%\",\"entranceAnimation\":\"fadeIn\",\"entranceAnimationDuration\":\"slow\",\"image\":{\"id\":33,\"url\":\"https:\/\/laurent.qodeinteractive.com\/gutenberg\/wp-content\/uploads\/2019\/10\/main-img-5.jpg\",\"alt\":\"s\",\"caption\":\"\"}} -->\n<div class=\"wp-block-qi-blocks-single-image qodef-block-container qodef-block-c47fe4f6 qodef-entrance-animation--on qodef-animation-speed--slow\" data-animation=\"fadeIn\">\n<div class=\"qi-block-single-image qodef-block qodef-m\">\n<div class=\"qodef-m-image\"><img loading=\"lazy\" decoding=\"async\" width=\"800\" height=\"730\" class=\"wp-image-33\" src=\"https:\/\/laurent.qodeinteractive.com\/gutenberg\/wp-content\/uploads\/2019\/10\/main-img-5.jpg\" alt=\"s\" srcset=\"https:\/\/kitchencreator.fr\/steaklounge\/wp-content\/uploads\/2019\/10\/main-img-5.jpg 800w, https:\/\/kitchencreator.fr\/steaklounge\/wp-content\/uploads\/2019\/10\/main-img-5-300x274.jpg 300w, https:\/\/kitchencreator.fr\/steaklounge\/wp-content\/uploads\/2019\/10\/main-img-5-768x701.jpg 768w, https:\/\/kitchencreator.fr\/steaklounge\/wp-content\/uploads\/2019\/10\/main-img-5-600x548.jpg 600w\" sizes=\"auto, (max-width: 800px) 100vw, 800px\" \/><\/div>\n<\/div>\n<\/div>\n<!-- \/wp:qi-blocks\/single-image --><\/div>\n<\/div>\n<!-- \/wp:qi-blocks\/column --><!-- wp:qi-blocks\/column {\"uniqueClass\":\"qodef-block-be625807\",\"columnWidthDecimal\":54,\"columnWidthDecimalTablet\":100,\"verticalAlign\":\"middle\",\"horizontalAlign\":\"center\",\"marginTopTablet\":60} -->\n<div class=\"wp-block-qi-blocks-column qodef-gutenberg-column qodef-block-be625807 qodef-vertical-align--middle qodef-horizontal-align--center\">\n<div class=\"qodef-gutenberg-column-inner\"><!-- wp:qi-blocks\/section-title {\"uniqueClass\":\"qodef-block-ec61f18d\",\"subtitleTag\":\"h6\",\"enableButton\":\"yes\",\"blockWidth\":\"custom\",\"blockCustomWidth\":500,\"subtitleFontFamily\":\"Miniver\",\"subtitleFontSize\":19,\"subtitleFontWeight\":\"400\",\"subtitleTextTransform\":\"none\",\"subtitleLineHeight\":28,\"subtitleLetterSpacingUnit\":\"em\",\"subtitleLetterSpacingDecimal\":0.04,\"titleMarginTop\":12,\"textPaddingTop\":10,\"horizontalAlignment\":\"center\",\"subtitleIcon\":{\"id\":null,\"url\":\"\",\"alt\":\"\",\"caption\":\"\",\"width\":\"\",\"height\":\"\",\"html\":\"\",\"defaultValueIsSet\":false}} -->\n<div class=\"wp-block-qi-blocks-section-title qodef-block-container qodef-block-ec61f18d qodef-width--custom\" data-width=\"500px\">\n<div class=\"qi-block-section-title qodef-block qodef-m qodef-link--underline-draw qodef-subtitle-icon--left\">\n<h6 class=\"qodef-m-subtitle\">Recommendations<\/h6>\n<h2 class=\"qodef-m-title\">Nos meilleures sp\u00e9cialit\u00e9s<\/h2>\n<p class=\"qodef-m-text\">Pour un moment d&rsquo;\u00e9vasion, le Steak Lounge vous fait d\u00e9couvrir les plus c\u00e9l\u00e8bres mets du Liban \u00e0 travers le mezz\u00e9, double ou simple, seul ou \u00e0 partager. La meilleure fa\u00e7on de go\u00fbter \u00e0 tout ce que le Liban a de meilleur \u00e0 offrir !<\/p>\n<div class=\"qodef-m-button qodef-block-clear\"><!-- wp:qi-blocks\/button {\"uniqueClass\":\"qodef-block-bd70e7fc\",\"buttonLayout\":\"outlined\",\"buttonColor\":\"rgba(255,255,255,1)\",\"buttonHoverColor\":\"rgba(255,255,255,1)\",\"buttonBorderColor\":\"rgba(201,171,129,1)\",\"buttonBorderHoverColor\":\"rgba(255,255,255,1)\",\"buttonHoverBackgroundColor\":\"rgba(0,0,0,0)\",\"buttonTextFontFamily\":\"Open Sans condensed\",\"buttonTextFontSize\":14,\"buttonTextTextTransform\":\"uppercase\",\"buttonTextLineHeightUnit\":\"em\",\"buttonTextLineHeightDecimal\":2,\"buttonTextLetterSpacingUnit\":\"em\",\"buttonTextLetterSpacingDecimal\":0.36,\"buttonBorderWidthTop\":1,\"buttonBorderWidthRight\":1,\"buttonBorderWidthBottom\":1,\"buttonBorderWidthLeft\":1,\"buttonBorderRadiusTop\":0,\"buttonBorderRadiusRight\":0,\"buttonBorderRadiusBottom\":0,\"buttonBorderRadiusLeft\":0,\"buttonPaddingTop\":9,\"buttonPaddingRight\":39,\"buttonPaddingBottom\":9,\"buttonPaddingLeft\":39,\"marginTop\":48,\"buttonLink\":\"https:\/\/laurent.qodeinteractive.com\/gutenberg\/our-kitchen-gut\/\",\"lock\":{\"move\":false,\"remove\":false}} -->\n<div class=\"wp-block-qi-blocks-button qodef-block-container qodef-block-bd70e7fc\"><a class=\"qi-block-button qodef-block qodef-m qodef-layout--outlined qodef-type--standard qodef-hover--icon-move-horizontal-short\" href=\"https:\/\/kitchencreator.fr\/steaklounge\/carte-du-soir\/\"><span class=\"qodef-m-text\">Voir tout<\/span><\/a><\/div>\n<!-- \/wp:qi-blocks\/button --><\/div>\n<\/div>\n<\/div>\n<!-- \/wp:qi-blocks\/section-title --><\/div>\n<\/div>\n<!-- \/wp:qi-blocks\/column --><\/div>\n<\/section>\n<!-- \/wp:qi-blocks\/columns --><!-- wp:qi-blocks\/columns {\"uniqueClass\":\"qodef-block-e9f23763\",\"contentWidth\":\"full-width\",\"columns\":1,\"columnsLayout\":\"100\",\"columnGap\":\"no\",\"backgroundColor\":\"rgba(15,29,34,1)\",\"paddingTop\":150} -->\n<section class=\"wp-block-qi-blocks-columns qodef-gutenberg-section qodef--template qodef-block-e9f23763 qodef-col-num--1 qodef-col-layout--100 qodef-gutter--no qodef-content--full-width\">\n<div class=\"qodef-section-background-overlay\">\u00a0<\/div>\n<\/section>\n<!-- \/wp:qi-blocks\/columns -->\t\t\t\t\t\t<\/div>\n\t\t\t\t<\/div>\n\t\t\t\t\t<\/div>\n\t\t<\/div>\n\t\t\t\t\t\t\t<\/div>\n\t\t<\/section>\n\t\t\t\t\t\t\t<\/div>\n\t\t","protected":false},"excerpt":{"rendered":"\u00a0 Notre histoire A propos de nous Dans un d\u00e9cor atypique o\u00f9 chaque d\u00e9tail n'est pas un hasard, le Steak Lounge prend place ! Implant\u00e9 au c\u0153ur de Marseille, longeant cette c\u00e9l\u00e8bre avenue qu'est Jules Cantini, le Steak Lounge s'impose comme la r\u00e9f\u00e9rence. Sa vocation vous faire d\u00e9couvrir monts et merveilles du Liban \u00e0 travers ses assiettes plus go\u00fbteuses les [...]","protected":false},"author":1,"featured_media":0,"parent":0,"menu_order":0,"comment_status":"closed","ping_status":"closed","template":"full-width.php","meta":{"footnotes":""},"class_list":["post-5009","page","type-page","status-publish","hentry"],"_links":{"self":[{"href":"https:\/\/kitchencreator.fr\/steaklounge\/wp-json\/wp\/v2\/pages\/5009","targetHints":{"allow":["GET"]}}],"collection":[{"href":"https:\/\/kitchencreator.fr\/steaklounge\/wp-json\/wp\/v2\/pages"}],"about":[{"href":"https:\/\/kitchencreator.fr\/steaklounge\/wp-json\/wp\/v2\/types\/page"}],"author":[{"embeddable":true,"href":"https:\/\/kitchencreator.fr\/steaklounge\/wp-json\/wp\/v2\/users\/1"}],"replies":[{"embeddable":true,"href":"https:\/\/kitchencreator.fr\/steaklounge\/wp-json\/wp\/v2\/comments?post=5009"}],"version-history":[{"count":75,"href":"https:\/\/kitchencreator.fr\/steaklounge\/wp-json\/wp\/v2\/pages\/5009\/revisions"}],"predecessor-version":[{"id":6338,"href":"https:\/\/kitchencreator.fr\/steaklounge\/wp-json\/wp\/v2\/pages\/5009\/revisions\/6338"}],"wp:attachment":[{"href":"https:\/\/kitchencreator.fr\/steaklounge\/wp-json\/wp\/v2\/media?parent=5009"}],"curies":[{"name":"wp","href":"https:\/\/api.w.org\/{rel}","templated":true}]}}